{"id":1693,"date":"2022-07-13T12:40:08","date_gmt":"2022-07-13T12:40:08","guid":{"rendered":"https:\/\/mygreens.desarrollotrevenque.com\/producto\/cilantro\/"},"modified":"2022-08-06T09:12:05","modified_gmt":"2022-08-06T09:12:05","slug":"koriander","status":"publish","type":"product","link":"https:\/\/www.mygreens.eco\/de\/produkte\/koriander\/","title":{"rendered":"Koriander"},"content":{"rendered":"","protected":false},"excerpt":{"rendered":"<p><span class=\"TrackedChange SCXW139764190 BCX0\"><span class=\"TextRun SCXW139764190 BCX0\" lang=\"DE-DE\" xml:lang=\"DE-DE\" data-contrast=\"auto\"><span class=\"NormalTextRun SCXW139764190 BCX0\">Mikrokoriander hat ein s\u00fc\u00dfes und helles<\/span><\/span><\/span><span class=\"TrackedChange SCXW139764190 BCX0\"><span class=\"TextRun SCXW139764190 BCX0\" lang=\"DE-DE\" xml:lang=\"DE-DE\" data-contrast=\"auto\"><span class=\"NormalTextRun SCXW139764190 BCX0\">, <\/span><\/span><\/span><span class=\"TrackedChange SCXW139764190 BCX0\"><span class=\"TextRun SCXW139764190 BCX0\" lang=\"DE-DE\" xml:lang=\"DE-DE\" data-contrast=\"auto\"><span class=\"NormalTextRun SCXW139764190 BCX0\">eher kr\u00e4ftiges Aroma. Im Gegensatz zu normalgro\u00dfem Koriander ist Mikro-Koriander leicht w\u00fcrzig. Er riecht auch ganz anders als reifer Koriander<\/span><\/span><\/span><span class=\"TrackedChange SCXW139764190 BCX0\"><span class=\"TextRun SCXW139764190 BCX0\" lang=\"DE-DE\" xml:lang=\"DE-DE\" data-contrast=\"auto\"><span class=\"NormalTextRun SCXW139764190 BCX0\">, <\/span><\/span><\/span><span class=\"TrackedChange SCXW139764190 BCX0\"><span class=\"TextRun SCXW139764190 BCX0\" lang=\"DE-DE\" xml:lang=\"DE-DE\" data-contrast=\"auto\"><span class=\"NormalTextRun SCXW139764190 BCX0\">ohne den muffigen Geruch, den viele Menschen nicht m\u00f6gen. Er passt gut zu Avocado, Karotten, Zucchini, Tomaten, Kokosnussmilch, Zitrusfr\u00fcchten, Ingwer, Minze, Zitronengras, Chili, Joghurt, Huhn, Lamm und wei\u00dfem Fisch.<\/span><\/span><\/span><span class=\"EOP TrackedChange SCXW139764190 BCX0\" data-ccp-props=\"{&quot;201341983&quot;:0,&quot;335559739&quot;:160,&quot;335559740&quot;:259}\">\u00a0<\/span><\/p>\n","protected":false},"featured_media":2900,"template":"","meta":{"wprm-recipe-roundup-name":"","wprm-recipe-roundup-description":"","wpupg_custom_link":[],"wpupg_custom_link_behaviour":[],"wpupg_custom_image":[],"wpupg_custom_image_id":[]},"product_cat":[144],"product_tag":[],"class_list":["post-1693","product","type-product","status-publish","has-post-thumbnail","hentry","product_cat-mikrogemuese","product_shipping_class-versand-fur-einzelprodukte"],"acf":[],"_links":{"self":[{"href":"https:\/\/www.mygreens.eco\/de\/wp-json\/wp\/v2\/product\/1693","targetHints":{"allow":["GET"]}}],"collection":[{"href":"https:\/\/www.mygreens.eco\/de\/wp-json\/wp\/v2\/product"}],"about":[{"href":"https:\/\/www.mygreens.eco\/de\/wp-json\/wp\/v2\/types\/product"}],"wp:featuredmedia":[{"embeddable":true,"href":"https:\/\/www.mygreens.eco\/de\/wp-json\/wp\/v2\/media\/2900"}],"wp:attachment":[{"href":"https:\/\/www.mygreens.eco\/de\/wp-json\/wp\/v2\/media?parent=1693"}],"wp:term":[{"taxonomy":"product_cat","embeddable":true,"href":"https:\/\/www.mygreens.eco\/de\/wp-json\/wp\/v2\/product_cat?post=1693"},{"taxonomy":"product_tag","embeddable":true,"href":"https:\/\/www.mygreens.eco\/de\/wp-json\/wp\/v2\/product_tag?post=1693"}],"curies":[{"name":"wp","href":"https:\/\/api.w.org\/{rel}","templated":true}]}}