{"id":1570,"date":"2022-06-10T06:39:54","date_gmt":"2022-06-10T06:39:54","guid":{"rendered":"https:\/\/mygreens.desarrollotrevenque.com\/politica-privacidad\/"},"modified":"2022-08-06T12:42:24","modified_gmt":"2022-08-06T12:42:24","slug":"datenschutzpolitik","status":"publish","type":"page","link":"https:\/\/www.mygreens.eco\/de\/datenschutzpolitik\/","title":{"rendered":"DATENSCHUTZPOLITIK"},"content":{"rendered":"\n<h2 class=\"wp-block-heading\">DATENSCHUTZPOLITIK<\/h2>\n\n\n\n<p>My Greens 2021 S.L. stellt Ihnen \u00fcber die Website www.mygreens.eco die vorliegende Datenschutzerkl\u00e4rung zur Verf\u00fcgung, um Sie ausf\u00fchrlich dar\u00fcber zu informieren, wie wir Ihre pers\u00f6nlichen Daten behandeln und Ihre Privatsph\u00e4re und die Informationen, die Sie uns zur Verf\u00fcgung stellen, sch\u00fctzen. Sollten in Zukunft \u00c4nderungen an dieser Richtlinie vorgenommen werden, werden wir Sie \u00fcber die Website oder auf anderem Wege dar\u00fcber informieren, so dass Sie \u00fcber die neu eingef\u00fchrten Datenschutzbedingungen informiert werden k\u00f6nnen.<\/p>\n\n\n\n<p>In \u00dcbereinstimmung mit der Verordnung (EU) 2016\/679, der Allgemeinen Datenschutzverordnung und dem Organgesetz 3\/2018 vom 5. Dezember \u00fcber den Schutz personenbezogener Daten und die Gew\u00e4hrleistung digitaler Rechte, informieren wir Sie \u00fcber Folgendes:<\/p>\n\n\n\n<h2 class=\"wp-block-heading\">Inhaber der Datenverarbeitung<\/h2>\n\n\n\n<p>Eigent\u00fcmer: My Greens 2021 S.L. &#8211; STEUER-IDENTIFIKATIONSNUMMER: B16719148<\/p>\n\n\n\n<p>Eingetragener Firmensitz: Calle Felicidad 9, 29560 Pizarra. M\u00e1laga.<\/p>\n\n\n\n<p>Telefon: 663978716 &#8211; E-Mail: info@mygreens.eco<\/p>\n\n\n\n<p>Website: www.mygreens.es<\/p>\n\n\n\n<p>Wenn Sie Fragen, Zweifel oder Anregungen bez\u00fcglich der Verwendung Ihrer pers\u00f6nlichen Daten haben, k\u00f6nnen Sie uns unter der folgenden E-Mail-Adresse kontaktieren: info@mygreens.eco.<\/p>\n\n\n\n<h2 class=\"wp-block-heading\">Zu welchem Zweck verarbeiten wir Ihre pers\u00f6nlichen Daten?<\/h2>\n\n\n\n<p>Bei My Greens 2021 S.L. sammeln und verarbeiten wir Ihre pers\u00f6nlichen Daten im Allgemeinen, um unsere Beziehung zu Ihnen zu verwalten. Wir haben die folgenden Hauptzwecke identifiziert:<\/p>\n\n\n\n<ul class=\"wp-block-list\"><li>Verwaltung und Vertragsabschluss f\u00fcr die von unserem Unternehmen angebotenen Produkte und Dienstleistungen.<\/li><li>Um Informationsanfragen, Vorschl\u00e4ge und Beschwerden zu kanalisieren, die Sie uns schicken k\u00f6nnen.<\/li><li>Um Sie \u00fcber verschiedene Kommunikationskan\u00e4le \u00fcber Veranstaltungen, Angebote, Produkte und Dienstleistungen zu informieren, die f\u00fcr Sie von Interesse sein k\u00f6nnten, sofern Sie Ihre Zustimmung gegeben haben.<\/li><li>Verwaltung des Arbeitsverh\u00e4ltnisses, wenn es sich um unsere Mitarbeiter handelt.<\/li><li>Verwaltung der Gesch\u00e4ftsbeziehungen mit unseren Lieferanten.<\/li><li>Verwaltung der Personalbeschaffung<\/li><li>Gew\u00e4hrleistung der Sicherheit von Menschen und Einrichtungen<\/li><\/ul>\n\n\n\n<h2 class=\"wp-block-heading\">Wie sammeln wir Ihre Informationen?<\/h2>\n\n\n\n<p>Wir erheben Ihre personenbezogenen Daten auf unterschiedliche Weise, aber Sie werden immer zum Zeitpunkt der Erhebung mittels informativer Klauseln \u00fcber den f\u00fcr die Datenverarbeitung Verantwortlichen, den Zweck und die Rechtsgrundlage der Verarbeitung, die Empf\u00e4nger der Daten und die Dauer der Aufbewahrung Ihrer Daten informiert, sowie dar\u00fcber, wie Sie Ihre Datenschutzrechte aus\u00fcben k\u00f6nnen.<\/p>\n\n\n\n<p>Im Allgemeinen beschr\u00e4nken sich die von uns verarbeiteten personenbezogenen Daten auf Identifikationsdaten (Vor- und Nachname, Geburtsdatum, Adresse, Ausweisnummer, Telefonnummer und E-Mail-Adresse), vertraglich vereinbarte Dienstleistungen sowie Zahlungs- und Rechnungsdaten.<\/p>\n\n\n\n<p>Im Falle der Personalverwaltung und -auswahl erheben wir akademische und berufliche Daten, um den Verpflichtungen nachzukommen, die sich aus der Aufrechterhaltung des Arbeitsverh\u00e4ltnisses ergeben, oder um gegebenenfalls Teil unseres Personals zu werden.<\/p>\n\n\n\n<p>My Greens 2021 S.L. nutzt soziale Medien, und dies ist eine weitere M\u00f6glichkeit, Sie zu erreichen. Die Informationen, die \u00fcber die von Ihnen geposteten Nachrichten und Mitteilungen gesammelt werden, k\u00f6nnen pers\u00f6nliche Informationen enthalten, die online verf\u00fcgbar und \u00f6ffentlich zug\u00e4nglich sind. Diese sozialen Netzwerke haben ihre eigenen Datenschutzrichtlinien, in denen erkl\u00e4rt wird, wie sie Ihre Daten verwenden und weitergeben. Wir von My Greens 2021 S.L. empfehlen Ihnen daher, diese zu konsultieren, bevor Sie sie nutzen, um sich zu vergewissern, dass Sie mit der Art und Weise, in der Ihre Daten erfasst, verarbeitet und weitergegeben werden, einverstanden sind.<\/p>\n\n\n\n<p>\u00dcber unsere Website sammeln wir durch die Verwendung von Cookies pers\u00f6nliche Informationen \u00fcber Ihr Surfverhalten. Um klar und deutlich zu erfahren, welche Cookies wir verwenden, welchen Zweck sie haben und wie Sie sie konfigurieren oder deaktivieren k\u00f6nnen, lesen Sie bitte unsere Cookie-Richtlinie.<\/p>\n\n\n\n<p>Dar\u00fcber hinaus verf\u00fcgen unsere Einrichtungen \u00fcber ein Video\u00fcberwachungssystem, dessen Funktion darin besteht, die Sicherheit von Personen und G\u00fctern zu gew\u00e4hrleisten, so dass Ihr Bild aufgezeichnet werden kann, indem Sie einfach auf die Einrichtungen zugreifen. Diese Bilder werden f\u00fcr einen Zeitraum von maximal 1 Monat nach ihrer Aufnahme aufbewahrt und nur bei Bedarf an die staatlichen Sicherheitskr\u00e4fte und Korps weitergegeben.<\/p>\n\n\n\n<h2 class=\"wp-block-heading\">Verantwortung des Benutzers<\/h2>\n\n\n\n<p>Indem Sie uns Ihre Daten auf elektronischem Wege \u00fcbermitteln, garantiert der Nutzer, dass er \u00fcber 14 Jahre alt ist und dass die an My Greens 2021 S.L. \u00fcbermittelten Daten wahr, genau, vollst\u00e4ndig und aktuell sind. wahr, genau, vollst\u00e4ndig und aktuell sind. In diesem Sinne best\u00e4tigt der Nutzer, dass er f\u00fcr die Richtigkeit der \u00fcbermittelten Daten verantwortlich ist und dass er diese Informationen auf dem neuesten Stand halten wird, so dass sie seiner tats\u00e4chlichen Situation entsprechen, wobei er die Verantwortung f\u00fcr alle falschen oder ungenauen Daten, die er angibt, sowie f\u00fcr alle direkten oder indirekten Sch\u00e4den, die daraus entstehen k\u00f6nnen, \u00fcbernimmt.<\/p>\n\n\n\n<h2 class=\"wp-block-heading\">Wie lange bewahren wir Ihre Informationen auf?<\/h2>\n\n\n\n<p>Bei My Greens 2021 S.L. bewahren wir Ihre Daten nur so lange auf, wie es notwendig ist, um den Zweck zu erf\u00fcllen, f\u00fcr den sie erhoben wurden, um den uns auferlegten gesetzlichen Verpflichtungen nachzukommen und um eventuelle Verbindlichkeiten zu erf\u00fcllen, die sich aus der Erf\u00fcllung des Zwecks, f\u00fcr den die Daten erhoben wurden, ergeben k\u00f6nnten.<\/p>\n\n\n\n<p>F\u00fcr den Fall, dass Sie sich bei uns bewerben m\u00f6chten, werden die von Ihnen zur Verf\u00fcgung gestellten Daten Teil unserer Stellenb\u00f6rse und werden f\u00fcr die Dauer des Auswahlverfahrens und f\u00fcr maximal 2 Jahre aufbewahrt, oder bis Sie von Ihrem Recht auf L\u00f6schung Gebrauch machen.<\/p>\n\n\n\n<p>Wenn wir zu irgendeinem Zeitpunkt Ihre Daten erhoben haben, um Sie als potenziellen Nutzer unserer Dienste anzusprechen oder um auf eine von Ihnen gestellte Informationsanfrage zu antworten, werden diese Daten f\u00fcr maximal 2 Jahre ab ihrer Erhebung aufbewahrt und nach diesem Zeitraum gel\u00f6scht, wenn keine vertragliche Beziehung zustande gekommen ist, oder zu dem Zeitpunkt, zu dem Sie uns dazu auffordern.<\/p>\n\n\n\n<p>In jedem Fall und als allgemeine Regel bewahren wir Ihre personenbezogenen Daten so lange auf, wie eine vertragliche Beziehung besteht, die uns bindet, oder Sie nicht von Ihrem Recht auf L\u00f6schung oder Einschr\u00e4nkung der Verarbeitung Gebrauch machen. In diesem Fall werden die Daten gesperrt, ohne dass sie \u00fcber ihre Aufbewahrung hinaus verwendet werden, solange sie f\u00fcr die Geltendmachung oder Verteidigung von Anspr\u00fcchen erforderlich sind oder eine Art von Haftung entsteht, die gekl\u00e4rt werden muss.<\/p>\n\n\n\n<h2 class=\"wp-block-heading\">An wen geben wir Ihre Daten weiter?<\/h2>\n\n\n\n<p>Im Allgemeinen geben wir bei My Greens 2021 S.L. Ihre pers\u00f6nlichen Daten nicht weiter, mit Ausnahme der \u00dcbermittlungen, die wir aufgrund gesetzlicher Verpflichtungen vornehmen m\u00fcssen.<\/p>\n\n\n\n<p>Um jedoch den von Ihnen gew\u00fcnschten Service zu entwickeln und bereitzustellen, k\u00f6nnen wir Ihre Daten an andere kooperierende Unternehmen weitergeben. Sie k\u00f6nnen der Weitergabe Ihrer Daten widersprechen, obwohl es in diesem Fall nicht m\u00f6glich w\u00e4re, Ihnen den gew\u00fcnschten Service zu bieten. Obwohl es sich hierbei nicht um eine Daten\u00fcbermittlung handelt, k\u00f6nnen Drittunternehmen, die als unsere Lieferanten fungieren, auf Ihre Daten zugreifen, um die vertraglich vereinbarte Dienstleistung zu erbringen, damit Sie die gew\u00fcnschte Dienstleistung erhalten. Diese Dritten greifen gem\u00e4\u00df unseren Anweisungen auf Ihre Daten zu, ohne sie f\u00fcr andere Zwecke verwenden zu k\u00f6nnen, und wahren dabei stets strengste Vertraulichkeit. Falls es aufgrund eines von unseren Sicherheitskameras aufgezeichneten Vorfalls erforderlich ist, k\u00f6nnen Ihre Bilder gem\u00e4\u00df den gesetzlichen Bestimmungen an die zust\u00e4ndigen Beh\u00f6rden weitergeleitet werden.<\/p>\n\n\n\n<p>Ebenso werden Ihre pers\u00f6nlichen Daten den \u00f6ffentlichen Verwaltungen, Richtern und Gerichten zur Verf\u00fcgung gestellt, um m\u00f6gliche Verantwortlichkeiten, die sich aus der Verarbeitung ergeben, zu kl\u00e4ren.<\/p>\n\n\n\n<h2 class=\"wp-block-heading\">Internationale Daten\u00fcbertragungen<\/h2>\n\n\n\n<p>Es findet keine internationale \u00dcbermittlung Ihrer Daten in L\u00e4nder au\u00dferhalb des Europ\u00e4ischen Wirtschaftsraums (EWR) statt.<\/p>\n\n\n\n<p>Wir haben mit unseren Lieferanten vereinbart, dass sie f\u00fcr die Erbringung der vertraglich vereinbarten Dienstleistung Server nutzen, die sich im EWR befinden. Sollten wir in Zukunft auf Server zur\u00fcckgreifen m\u00fcssen, die sich au\u00dferhalb des EU-Territoriums befinden, werden geeignete Ma\u00dfnahmen ergriffen, die in diese Datenschutzrichtlinie aufgenommen werden, um sicherzustellen, dass diese Lieferanten unter das Privacy-Shield-Abkommen fallen oder dass andere geeignete Schutzma\u00dfnahmen getroffen werden.<\/p>\n\n\n\n<h2 class=\"wp-block-heading\">Welche Rechte haben Sie in Bezug auf die Verarbeitung Ihrer Daten und wie k\u00f6nnen Sie diese aus\u00fcben?<\/h2>\n\n\n\n<p>Die Datenschutzbestimmungen erm\u00f6glichen es Ihnen, Ihre Rechte auf Zugang, Berichtigung, L\u00f6schung und \u00dcbertragbarkeit von Daten auszu\u00fcben und der Verarbeitung Ihrer Daten zu widersprechen und diese einzuschr\u00e4nken sowie gegebenenfalls keinen Entscheidungen unterworfen zu werden, die ausschlie\u00dflich auf einer automatisierten Verarbeitung Ihrer Daten basieren.<\/p>\n\n\n\n<p>Diese Rechte sind durch Folgendes gekennzeichnet:<\/p>\n\n\n\n<ul class=\"wp-block-list\"><li>Sie sind kostenlos, au\u00dfer im Falle offensichtlich unbegr\u00fcndeter oder \u00fcberm\u00e4\u00dfiger Anfragen (z.B. wiederholter Natur); in diesem Fall kann My Greens 2021 S.L. eine Geb\u00fchr im Verh\u00e4ltnis zu den anfallenden Verwaltungskosten erheben oder sich weigern, t\u00e4tig zu werden. kann eine Geb\u00fchr im Verh\u00e4ltnis zu den anfallenden Verwaltungskosten erheben oder sich weigern, t\u00e4tig zu werden.<\/li><li>Sie k\u00f6nnen Ihre Rechte direkt oder \u00fcber Ihren gesetzlichen Vertreter oder einen Freiwilligen aus\u00fcben.<\/li><li>Wir m\u00fcssen Ihre Anfrage innerhalb eines Monats beantworten, wobei die Frist unter Ber\u00fccksichtigung der Komplexit\u00e4t und Anzahl der Anfragen um weitere zwei Monate verl\u00e4ngert werden kann.<\/li><li>Wir sind verpflichtet, Sie \u00fcber die Mittel zur Aus\u00fcbung dieser Rechte zu informieren, die zug\u00e4nglich sein m\u00fcssen und ohne dass wir Ihnen die Aus\u00fcbung des Rechts mit der alleinigen Begr\u00fcndung verweigern k\u00f6nnen, dass Sie ein anderes Mittel gew\u00e4hlt haben. Wenn die Anfrage auf elektronischem Wege erfolgt, werden die Informationen nach M\u00f6glichkeit auf elektronischem Wege bereitgestellt, es sei denn, Sie bitten uns um etwas anderes.<\/li><li>Wenn My Greens 2021 S.L. der Anfrage nicht nachkommt, informiert sie Sie sp\u00e4testens innerhalb eines Monats \u00fcber die Gr\u00fcnde f\u00fcr ihre Unt\u00e4tigkeit und \u00fcber die M\u00f6glichkeit, eine Beschwerde bei einer Aufsichtsbeh\u00f6rde einzureichen.<\/li><\/ul>\n\n\n\n<p>Um Ihnen die Aus\u00fcbung Ihrer Rechte zu erleichtern, stellen wir Ihnen Links zu den Antragsformularen f\u00fcr jedes dieser Rechte zur Verf\u00fcgung:<\/p>\n\n\n\n<p><a href=\"https:\/\/www.aepd.es\/sites\/default\/files\/2019-09\/formulario-derecho-de-acceso.pdf\" target=\"_blank\" rel=\"noreferrer noopener\">Formular f\u00fcr die Aus\u00fcbung des Rechts auf Zugang<\/a><\/p>\n\n\n\n<p><a href=\"https:\/\/www.aepd.es\/sites\/default\/files\/2019-09\/formulario-derecho-de-rectificacion.pdf\" target=\"_blank\" rel=\"noreferrer noopener\">Formular f\u00fcr die Aus\u00fcbung des Rechts auf Berichtigung<\/a><\/p>\n\n\n\n<p><a href=\"https:\/\/www.aepd.es\/sites\/default\/files\/2019-09\/formulario-derecho-de-oposicion.pdf\" target=\"_blank\" rel=\"noreferrer noopener\">Formular f\u00fcr die Aus\u00fcbung des Widerspruchsrechts<\/a><\/p>\n\n\n\n<p><a href=\"https:\/\/www.aepd.es\/sites\/default\/files\/2019-09\/formulario-derecho-de-supresion.pdf\" data-type=\"URL\" data-id=\"https:\/\/www.aepd.es\/sites\/default\/files\/2019-09\/formulario-derecho-de-supresion.pdf\" target=\"_blank\" rel=\"noopener\">Formular zur Aus\u00fcbung des Rechts auf L\u00f6schung (&#8222;Recht auf Vergessenwerden&#8220;)<\/a><\/p>\n\n\n\n<p><a href=\"https:\/\/www.aepd.es\/sites\/default\/files\/2019-09\/formulario-derecho-de-limitacion.pdf\" target=\"_blank\" data-type=\"URL\" data-id=\"https:\/\/www.aepd.es\/sites\/default\/files\/2019-09\/formulario-derecho-de-limitacion.pdf\" rel=\"noreferrer noopener\">Formular f\u00fcr die Aus\u00fcbung des Rechts auf Einschr\u00e4nkung der Verarbeitung<\/a><\/p>\n\n\n\n<p><a href=\"https:\/\/www.aepd.es\/sites\/default\/files\/2019-09\/formulario-derecho-de-portabilidad.pdf\" target=\"_blank\" rel=\"noreferrer noopener\">Aus\u00fcbung des Rechts auf \u00dcbertragbarkeit Formular<\/a><\/p>\n\n\n\n<p><a href=\"https:\/\/www.aepd.es\/sites\/default\/files\/2019-09\/formulario-derecho-de-oposicion-decisiones-automatizadas.pdf\" target=\"_blank\" rel=\"noreferrer noopener\">Formular f\u00fcr die Aus\u00fcbung des Rechts, keiner automatisierten Einzelentscheidung unterworfen zu werden<\/a><\/p>\n\n\n\n<p>Um Ihre Rechte auszu\u00fcben, bietet Ihnen My Greens 2021 S.L. die folgenden M\u00f6glichkeiten:<\/p>\n\n\n\n<ol class=\"wp-block-list\"><li>Durch eine schriftliche und unterzeichnete Anfrage an My Greens 2021 S.L., Calle Felicidad 9, 29560 Pizarra. M\u00e1laga. Ref. Aus\u00fcbung der LOPD-Rechte.<\/li><li>Indem Sie ein eingescanntes und unterschriebenes Formular an die E-Mail-Adresse info@mygreens.eco senden und in der Betreffzeile Exercise of LOPD Rights angeben.<\/li><\/ol>\n\n\n\n<p>In beiden F\u00e4llen m\u00fcssen Sie Ihre Identit\u00e4t nachweisen, indem Sie eine Fotokopie oder gegebenenfalls eine eingescannte Kopie Ihres Personalausweises oder eines gleichwertigen Dokuments beif\u00fcgen, um zu \u00fcberpr\u00fcfen, ob wir nur dem Interessenten oder seinem gesetzlichen Vertreter antworten; in diesem Fall m\u00fcssen Sie den Nachweis der Vertretung erbringen.<\/p>\n\n\n\n<p>In diesem Fall m\u00fcssen Sie einen Vertretungsnachweis beibringen. Ebenso und insbesondere, wenn Sie der Ansicht sind, dass Sie bei der Aus\u00fcbung Ihrer Rechte keine vollst\u00e4ndige Befriedigung erhalten haben, teilen wir Ihnen mit, dass Sie eine Beschwerde bei der nationalen Aufsichtsbeh\u00f6rde einreichen k\u00f6nnen.<\/p>\n\n\n\n<h2 class=\"wp-block-heading\">Wie sch\u00fctzen wir Ihre Daten?<\/h2>\n\n\n\n<p>My Greens 2021 S.L. verpflichtet sich, Ihre pers\u00f6nlichen Daten zu sch\u00fctzen.<\/p>\n\n\n\n<p>Wir setzen angemessen zuverl\u00e4ssige und wirksame physische, organisatorische und technologische Ma\u00dfnahmen, Kontrollen und Verfahren ein, um die Integrit\u00e4t und Sicherheit Ihrer Daten zu wahren und Ihre Privatsph\u00e4re zu garantieren.<\/p>\n\n\n\n<p>Dar\u00fcber hinaus wurden alle Mitarbeiter, die Zugang zu personenbezogenen Daten haben, geschult und sind sich ihrer Pflichten in Bezug auf die Verarbeitung ihrer personenbezogenen Daten bewusst.<\/p>\n\n\n\n<p>In die Vertr\u00e4ge, die wir mit unseren Lieferanten schlie\u00dfen, nehmen wir Klauseln auf, die sie zur Geheimhaltung der personenbezogenen Daten verpflichten, zu denen sie aufgrund des Auftrags Zugang haben, sowie zur Umsetzung der erforderlichen technischen und organisatorischen Sicherheitsma\u00dfnahmen, um die dauerhafte Vertraulichkeit, Integrit\u00e4t, Verf\u00fcgbarkeit und Belastbarkeit der Systeme und Dienste f\u00fcr die Verarbeitung personenbezogener Daten zu gew\u00e4hrleisten.<\/p>\n\n\n\n<p>Alle diese Sicherheitsma\u00dfnahmen werden regelm\u00e4\u00dfig \u00fcberpr\u00fcft, um ihre Angemessenheit und Wirksamkeit zu gew\u00e4hrleisten.<\/p>\n\n\n\n<p>Eine absolute Sicherheit kann jedoch nicht garantiert werden, und kein Sicherheitssystem ist undurchdringlich. Daher werden wir f\u00fcr den Fall, dass Informationen, die sich unter unserer Kontrolle befinden und verarbeitet werden, infolge eines Sicherheitsversto\u00dfes gef\u00e4hrdet sind, geeignete Schritte unternehmen, um den Vorfall zu untersuchen, die Aufsichtsbeh\u00f6rde und gegebenenfalls die m\u00f6glicherweise betroffenen Nutzer zu benachrichtigen, damit diese geeignete Ma\u00dfnahmen ergreifen.<\/p>\n\n\n\n<h2 class=\"wp-block-heading\"><strong>Informationsklausel \u00fcber die Verarbeitungst\u00e4tigkeit des Kunden\/Nutzers<\/strong>&nbsp;<\/h2>\n\n\n\n<p><strong>Angaben zum Datenverantwortlichen:<\/strong>&nbsp;<\/p>\n\n\n\n<ul class=\"wp-block-list\"><li>Eigent\u00fcmer: My Greens 2021 S.L. &#8211; STEUER-IDENTIFIZIERUNGSNUMMER: B16719148&nbsp;&nbsp;&nbsp;<\/li><li>Eingetragener Firmensitz: Calle Felicidad 9, 29560 Pizarra. M\u00e1laga.&nbsp;<\/li><li>Telefon: 663978716 &#8211; E-Mail: info@mygreens.eco&nbsp;&nbsp;<\/li><li>Website: www.mygreens.es&nbsp;<\/li><\/ul>\n\n\n\n<p>&#8222;Die angegebenen Daten werden von My Greens 2021 S.L. zum Zweck der Erbringung der angeforderten Dienstleistung und der Rechnungsstellung verarbeitet. Sie k\u00f6nnen Ihre Rechte auf Zugang, Berichtigung, L\u00f6schung und \u00dcbertragbarkeit von Daten sowie auf Widerspruch und Einschr\u00e4nkung der Verarbeitung dieser Daten bei My Greens 2021 S.L., Calle Felicidad 9, 29560 Pizarra (M\u00e1laga), oder unter der E-Mail-Adresse info@mygreens.eco geltend machen und eine Kopie Ihres Personalausweises oder eines gleichwertigen Dokuments beif\u00fcgen. Weitere Informationen \u00fcber die Verarbeitung Ihrer pers\u00f6nlichen Daten erhalten Sie in unserer Datenschutzerkl\u00e4rung.&nbsp;<\/p>\n\n\n\n<p class=\"has-luminous-vivid-amber-color has-text-color\">Ebenso bitten wir Sie um Ihre Erlaubnis, Ihnen Produkte und Dienstleistungen anzubieten, die mit den vertraglich vereinbarten in Zusammenhang stehen, und um Ihre Treue als Nutzer unserer Dienstleistungen zu gew\u00e4hrleisten&#8220;.&nbsp;<\/p>\n","protected":false},"excerpt":{"rendered":"<p>DATENSCHUTZPOLITIK My Greens 2021 S.L. stellt Ihnen \u00fcber die Website www.mygreens.eco die vorliegende Datenschutzerkl\u00e4rung zur Verf\u00fcgung, um Sie ausf\u00fchrlich dar\u00fcber zu informieren, wie wir Ihre pers\u00f6nlichen Daten behandeln und Ihre Privatsph\u00e4re und die Informationen, die Sie uns zur Verf\u00fcgung stellen, sch\u00fctzen. Sollten in Zukunft \u00c4nderungen an dieser Richtlinie vorgenommen werden, werden wir Sie \u00fcber die [&hellip;]<\/p>\n","protected":false},"author":1,"featured_media":0,"parent":0,"menu_order":0,"comment_status":"closed","ping_status":"closed","template":"","meta":{"wprm-recipe-roundup-name":"","wprm-recipe-roundup-description":"","wpupg_custom_link":[],"wpupg_custom_link_behaviour":[],"wpupg_custom_image":[],"wpupg_custom_image_id":[],"footnotes":""},"class_list":["post-1570","page","type-page","status-publish","hentry"],"acf":[],"_links":{"self":[{"href":"https:\/\/www.mygreens.eco\/de\/wp-json\/wp\/v2\/pages\/1570","targetHints":{"allow":["GET"]}}],"collection":[{"href":"https:\/\/www.mygreens.eco\/de\/wp-json\/wp\/v2\/pages"}],"about":[{"href":"https:\/\/www.mygreens.eco\/de\/wp-json\/wp\/v2\/types\/page"}],"author":[{"embeddable":true,"href":"https:\/\/www.mygreens.eco\/de\/wp-json\/wp\/v2\/users\/1"}],"replies":[{"embeddable":true,"href":"https:\/\/www.mygreens.eco\/de\/wp-json\/wp\/v2\/comments?post=1570"}],"version-history":[{"count":4,"href":"https:\/\/www.mygreens.eco\/de\/wp-json\/wp\/v2\/pages\/1570\/revisions"}],"predecessor-version":[{"id":1732,"href":"https:\/\/www.mygreens.eco\/de\/wp-json\/wp\/v2\/pages\/1570\/revisions\/1732"}],"wp:attachment":[{"href":"https:\/\/www.mygreens.eco\/de\/wp-json\/wp\/v2\/media?parent=1570"}],"curies":[{"name":"wp","href":"https:\/\/api.w.org\/{rel}","templated":true}]}}