{"id":1567,"date":"2022-06-14T16:25:53","date_gmt":"2022-06-14T16:25:53","guid":{"rendered":"https:\/\/mygreens.desarrollotrevenque.com\/politica-de-cookies\/"},"modified":"2022-08-08T07:07:49","modified_gmt":"2022-08-08T07:07:49","slug":"cookie-richtlinie","status":"publish","type":"page","link":"https:\/\/www.mygreens.eco\/de\/cookie-richtlinie\/","title":{"rendered":"Cookie-Richtlinie"},"content":{"rendered":"\n<p>Cookies Politik<\/p>\n\n\n\n<p>Bei My Greens 2021 S.L. verwenden wir Cookies oder andere Dateien mit \u00e4hnlicher Funktionalit\u00e4t (im Folgenden &#8222;Cookies&#8220;), um zu erfahren, wie Sie unsere Dienste nutzen und um diese verbessern zu k\u00f6nnen. My Greens 2021 S.L. ist f\u00fcr die Cookies und die Verarbeitung der durch sie erhaltenen Daten verantwortlich, unabh\u00e4ngig davon, ob es sich um eigene Daten oder Daten Dritter handelt, und entscheidet \u00fcber den Zweck, den Inhalt und die Verwendung der Verarbeitung der gesammelten Informationen.<\/p>\n\n\n\n<p>Der Zweck dieser Richtlinie ist es, Sie klar und detailliert dar\u00fcber zu informieren, was ein Cookie ist, welchen Zweck es hat, welche Art von Cookies wir verwenden und wie Sie diese konfigurieren oder deaktivieren k\u00f6nnen.<\/p>\n\n\n\n<p>Ein Cookie ist eine kleine Textdatei, die in Ihrem Browser gespeichert wird, wenn Sie unsere Website besuchen, und die Informationen \u00fcber Ihre Surfgewohnheiten speichert. Einige Cookies sind f\u00fcr das ordnungsgem\u00e4\u00dfe Funktionieren der Websites unerl\u00e4sslich, wie z.B. technische Cookies oder Cookies zur Anpassung der Benutzeroberfl\u00e4che. Bei anderen Cookies, wie z.B. analytischen Cookies oder Cookies f\u00fcr verhaltensbezogene Werbung, m\u00fcssen wir Sie informieren und Ihre Zustimmung einholen, damit wir sie verwenden k\u00f6nnen.<\/p>\n\n\n\n<p>Damit Sie Ihre Zustimmung in voller Kenntnis der Sachlage erteilen k\u00f6nnen, stellen wir Ihnen ausf\u00fchrliche Informationen dar\u00fcber zur Verf\u00fcgung, woraus die einzelnen Arten von Cookies bestehen und welchen Zweck sie erf\u00fcllen.<\/p>\n\n\n\n<p>Technische Cookies<\/p>\n\n\n\n<p>sind diejenigen, die es dem Benutzer erm\u00f6glichen, auf einer Website, Plattform oder Anwendung zu surfen und die verschiedenen dort vorhandenen Optionen oder Dienste zu nutzen, einschlie\u00dflich der Verwaltung und des Betriebs der Website und der Erm\u00f6glichung ihrer Funktionen und Dienste, wie z.B. die Identifizierung der Sitzung, der Zugriff auf Teile mit eingeschr\u00e4nktem Zugang, die Erinnerung an die Elemente, aus denen eine Bestellung besteht, die Durchf\u00fchrung des Kaufvorgangs einer Bestellung, die Verwaltung der Zahlung usw. Die Website kann ohne diese Cookies nicht ordnungsgem\u00e4\u00df funktionieren, daher werden sie als notwendig erachtet und bed\u00fcrfen nicht Ihrer Zustimmung.<\/p>\n\n\n\n<p>Pr\u00e4ferenz- oder Personalisierungs-Cookies es der Website erm\u00f6glichen, Informationen zu speichern, die das Verhalten oder das Aussehen der Seite ver\u00e4ndern, so dass der Benutzer auf den Dienst mit bestimmten Merkmalen zugreift, die seine Entscheidungen bei der Nutzung der Website von denen anderer Benutzer unterscheiden k\u00f6nnen (z.B. Sprache, die Anzahl der Ergebnisse, die angezeigt werden sollen, wenn der Benutzer eine Suche durchf\u00fchrt, oder die Region, in der sich der Benutzer befindet). Wenn der Nutzer selbst diese Funktionen ausw\u00e4hlt, z.B. durch Markieren der Sprachflagge, wird dies als ein ausdr\u00fccklich angeforderter Service betrachtet, solange die Cookies ausschlie\u00dflich dem gew\u00e4hlten Zweck der Personalisierung dienen. Wie im vorherigen Fall ben\u00f6tigen diese Cookies nicht Ihre Zustimmung.<\/p>\n\n\n\n<p>Analyse oder Messung Cookies sind solche, die es uns erm\u00f6glichen, zu verstehen, wie Besucher mit Webseiten interagieren und somit eine statistische Analyse der Nutzung der angebotenen Dienste durch Webnutzer durchzuf\u00fchren. Die gesammelten Informationen werden dazu verwendet, die Aktivit\u00e4t der Webseiten oder der Anwendung zu messen, um Verbesserungen der von der verantwortlichen Partei angebotenen Produkte und Dienstleistungen einzuf\u00fchren.<\/p>\n\n\n\n<p>Cookies f\u00fcr Marketing oder verhaltensbasierte Werbung Informationen \u00fcber das Verhalten der Nutzer zu speichern, die durch die kontinuierliche Beobachtung ihrer Surfgewohnheiten gewonnen werden. Dies erm\u00f6glicht die Entwicklung eines spezifischen Profils, um relevante und attraktive Werbung f\u00fcr den einzelnen Nutzer anzuzeigen und somit wertvoller f\u00fcr dritte Werbekunden zu sein.<\/p>\n\n\n\n<p>My Greens 2021 S.L. verwendet eigene und fremde technische, personalisierende und analytische Cookies f\u00fcr die Zwecke, die in der folgenden Cookie-Erkl\u00e4rung aufgef\u00fchrt sind:<\/p>\n\n\n\n<figure class=\"wp-block-table\"><table><tbody><tr><td>TYPE<\/td><td>PURPOSE<\/td><td>EXPIRY<\/td><td>OWN\/THIRD PARTIES<\/td><\/tr><tr><td><\/td><td><\/td><td><\/td><td><\/td><\/tr><tr><td><\/td><td><\/td><td><\/td><td><\/td><\/tr><tr><td><\/td><td><\/td><td><\/td><td><\/td><\/tr><tr><td><\/td><td><\/td><td><\/td><td><\/td><\/tr><tr><td><\/td><td><\/td><td><\/td><td><\/td><\/tr><tr><td><\/td><td><\/td><td><\/td><td><\/td><\/tr><tr><td><\/td><td><\/td><td><\/td><td><\/td><\/tr><\/tbody><\/table><\/figure>\n\n\n\n<p>F\u00fcr Analyse-Cookies ben\u00f6tigen wir Ihre Zustimmung, die wir durch Klicken auf die Schaltfl\u00e4che &#8222;Ich stimme zu&#8220; in der Informationsmeldung, die beim Zugriff auf unsere Website angezeigt wird, einholen k\u00f6nnen.<\/p>\n\n\n\n<p>Wenn Sie Cookies deaktivieren, k\u00f6nnen Sie zwar weiterhin auf die Website zugreifen, aber das Surfen ist m\u00f6glicherweise nicht optimal oder einige der angebotenen Dienste funktionieren nicht richtig.<\/p>\n\n\n\n<p>Sollte My Greens 2021 S.L. in Zukunft andere Arten von Cookies als die in dieser Cookie-Richtlinie vorgesehenen verwenden, um neue Dienste anzubieten, oder sollte es notwendig sein, sie an neue gesetzliche Anforderungen anzupassen, werden wir Sie dar\u00fcber informieren.<\/p>\n\n\n\n<p>Sie k\u00f6nnen die auf Ihrem Ger\u00e4t installierten Cookies \u00fcber das Konfigurationsmen\u00fc Ihres Internetbrowsers zulassen, blockieren oder l\u00f6schen, indem Sie ihn so konfigurieren, dass er Cookies blockiert oder den Benutzer warnt, wenn ein Server sie speichern will. Unter den folgenden Links finden Sie Informationen dar\u00fcber, wie Sie Cookies f\u00fcr jeden der wichtigsten Browser auf dem Markt konfigurieren oder deaktivieren k\u00f6nnen, so dass Sie selbst entscheiden k\u00f6nnen, ob Sie die Verwendung von Cookies akzeptieren oder nicht.<\/p>\n\n\n\n<ul class=\"wp-block-list\"><li><a href=\"https:\/\/support.microsoft.com\/es-es\/help\/17442\/windows-internet-explorer-delete-manage-cookies\" target=\"_blank\" rel=\"noreferrer noopener\">Microsoft Internet Explorer<\/a>: men\u00fa Herramientas &gt; Opciones de Internet &gt; Privacidad &gt; Configuraci\u00f3n.&nbsp;&nbsp;<\/li><li><a href=\"https:\/\/support.mozilla.org\/es\/kb\/habilitar-y-deshabilitar-cookies-sitios-web-rastrear-preferencias?redirectlocale=es&amp;redirectslug=habilitar-y-deshabilitar-cookies-que-los-sitios-we\" target=\"_blank\" rel=\"noreferrer noopener\">Firefox<\/a>: men\u00fa Herramientas &gt; Opciones &gt; Privacidad &gt; Cookies.&nbsp;&nbsp;<\/li><li><a href=\"https:\/\/support.google.com\/accounts\/answer\/61416?hl=es\" target=\"_blank\" rel=\"noreferrer noopener\">Chrome<\/a>: men\u00fa Opciones &gt; Opciones avanzadas &gt; Privacidad.&nbsp;&nbsp;<\/li><li><a href=\"https:\/\/support.apple.com\/es-es\/guide\/safari\/sfri11471\/mac\" target=\"_blank\" rel=\"noreferrer noopener\">Safari:<\/a> men\u00fa Preferencias\/Privacidad.&nbsp;&nbsp;<\/li><\/ul>\n\n\n\n<ul class=\"wp-block-list\"><li><a href=\"https:\/\/support.apple.com\/es-es\/HT201265\" target=\"_blank\" rel=\"noreferrer noopener\">Safari para IOS<\/a> (iPhone y iPad): Opci\u00f3n Ajustes &gt; Safari&nbsp;&nbsp;<\/li><li><a href=\"https:\/\/support.google.com\/chrome\/answer\/95647?co=GENIE.Platform%3DAndroid&amp;hl=es-419\" target=\"_blank\" rel=\"noreferrer noopener\">Chrome para Android<\/a>: Configuraci\u00f3n &gt; Configuraci\u00f3n de sitios web &gt; Cookies&nbsp;<\/li><\/ul>\n","protected":false},"excerpt":{"rendered":"<p>Cookies Politik Bei My Greens 2021 S.L. verwenden wir Cookies oder andere Dateien mit \u00e4hnlicher Funktionalit\u00e4t (im Folgenden &#8222;Cookies&#8220;), um zu erfahren, wie Sie unsere Dienste nutzen und um diese verbessern zu k\u00f6nnen. My Greens 2021 S.L. ist f\u00fcr die Cookies und die Verarbeitung der durch sie erhaltenen Daten verantwortlich, unabh\u00e4ngig davon, ob es sich [&hellip;]<\/p>\n","protected":false},"author":22,"featured_media":0,"parent":0,"menu_order":0,"comment_status":"closed","ping_status":"closed","template":"","meta":{"wprm-recipe-roundup-name":"","wprm-recipe-roundup-description":"","wpupg_custom_link":[],"wpupg_custom_link_behaviour":[],"wpupg_custom_image":[],"wpupg_custom_image_id":[],"footnotes":""},"class_list":["post-1567","page","type-page","status-publish","hentry"],"acf":[],"_links":{"self":[{"href":"https:\/\/www.mygreens.eco\/de\/wp-json\/wp\/v2\/pages\/1567","targetHints":{"allow":["GET"]}}],"collection":[{"href":"https:\/\/www.mygreens.eco\/de\/wp-json\/wp\/v2\/pages"}],"about":[{"href":"https:\/\/www.mygreens.eco\/de\/wp-json\/wp\/v2\/types\/page"}],"author":[{"embeddable":true,"href":"https:\/\/www.mygreens.eco\/de\/wp-json\/wp\/v2\/users\/22"}],"replies":[{"embeddable":true,"href":"https:\/\/www.mygreens.eco\/de\/wp-json\/wp\/v2\/comments?post=1567"}],"version-history":[{"count":2,"href":"https:\/\/www.mygreens.eco\/de\/wp-json\/wp\/v2\/pages\/1567\/revisions"}],"predecessor-version":[{"id":1581,"href":"https:\/\/www.mygreens.eco\/de\/wp-json\/wp\/v2\/pages\/1567\/revisions\/1581"}],"wp:attachment":[{"href":"https:\/\/www.mygreens.eco\/de\/wp-json\/wp\/v2\/media?parent=1567"}],"curies":[{"name":"wp","href":"https:\/\/api.w.org\/{rel}","templated":true}]}}