{"id":1566,"date":"2022-06-14T16:27:02","date_gmt":"2022-06-14T16:27:02","guid":{"rendered":"https:\/\/mygreens.desarrollotrevenque.com\/aviso-legal\/"},"modified":"2022-08-08T07:08:10","modified_gmt":"2022-08-08T07:08:10","slug":"rechtlicher-hinweis","status":"publish","type":"page","link":"https:\/\/www.mygreens.eco\/de\/rechtlicher-hinweis\/","title":{"rendered":"Rechtlicher Hinweis"},"content":{"rendered":"\n<h2 class=\"wp-block-heading\">Rechtliche hinweise und datenschutzbestimmungen<\/h2>\n\n\n\n<p>In \u00dcbereinstimmung mit dem Gesetz 34\/2002 vom 11. Juli \u00fcber die Dienste der Informationsgesellschaft und den elektronischen Handel (LSSI) informieren wir Sie, dass:<\/p>\n\n\n\n<p>MY GREENS 2021, S.L. (Mygreens), mit Sitz in der Calle Felicidad Nummer 9, Pizarra (M\u00e1laga), mit NIF:B16719148 und eingetragen im Handelsregister der Provinz M\u00e1laga, in Band 6.055, Folio 46, Seite MA-162.283, Eintragung 1a.<\/p>\n\n\n\n<p>Kontaktinformationen:<\/p>\n\n\n\n<p>MyGreens<\/p>\n\n\n\n<p>Calle Felicidad 9, 29560 Pizarra (M\u00e1laga).<\/p>\n\n\n\n<p>Telefon: 663978716 &#8211; E-Mail: info@mygreens.eco<\/p>\n\n\n\n<h2 class=\"wp-block-heading\">Allgemeine bedingungen f\u00fcr die nutzung der mygreens website<\/h2>\n\n\n\n<p>Der Domainname ist Eigentum von Mygreens , und seine ausschlie\u00dfliche Nutzung ist Mygreens 2021 vorbehalten.<\/p>\n\n\n\n<p>Die offizielle Website von Mygreens soll es der breiten \u00d6ffentlichkeit erleichtern, sich \u00fcber die Aktivit\u00e4ten des Unternehmens und die von ihm angebotenen Produkte und Dienstleistungen zu informieren.<\/p>\n\n\n\n<p>Die Nutzung dieser Website setzt die ausdr\u00fcckliche und uneingeschr\u00e4nkte Zustimmung zu den hier dargelegten Bedingungen voraus, unbeschadet der besonderen Bedingungen, die f\u00fcr einige der angebotenen spezifischen Dienstleistungen gelten k\u00f6nnen und die speziell f\u00fcr diese angegeben werden.<\/p>\n\n\n\n<p>MYGREENS beh\u00e4lt sich das Recht vor, jederzeit und ohne Vorank\u00fcndigung \u00c4nderungen und Aktualisierungen an den auf der Website enthaltenen Informationen oder an der Konfiguration und Pr\u00e4sentation derselben vorzunehmen.<\/p>\n\n\n\n<p>Um die auf dem Portal ver\u00f6ffentlichten Informationen auf dem neuesten Stand zu halten, k\u00f6nnen die Inhalte jederzeit ge\u00e4ndert, korrigiert, gel\u00f6scht oder erg\u00e4nzt werden. Es ist daher ratsam, die G\u00fcltigkeit oder die Richtigkeit der Inhalte anhand offizieller Quellen zu \u00fcberpr\u00fcfen.<\/p>\n\n\n\n<h2 class=\"wp-block-heading\">Geistiges und gewerbliches eigentum und rahmen<\/h2>\n\n\n\n<p>Alle Elemente, aus denen die Website besteht, sowie ihre Struktur, ihr Design, ihr Quellcode, ihre Logos, Marken und andere Unterscheidungsmerkmale, die auf ihr erscheinen, sind Eigentum von MYGREENS und durch die entsprechenden geistigen und gewerblichen Eigentumsrechte gesch\u00fctzt.<\/p>\n\n\n\n<p>Die in den Portalen enthaltenen Bilder und anderen grafischen Elemente sind ebenfalls durch die entsprechenden geistigen und gewerblichen Eigentumsrechte gesch\u00fctzt.<\/p>\n\n\n\n<p>MYGREENS untersagt ausdr\u00fccklich die Durchf\u00fchrung von &#8222;Framings&#8220; oder die Verwendung von anderen Mechanismen durch Dritte, die das Design, die urspr\u00fcngliche Konfiguration oder den Inhalt unseres Portals ver\u00e4ndern.<\/p>\n\n\n\n<p>Bei der Nutzung der Inhalte muss die jeweilige Lizenzierung beachtet werden. Daher ist die Nutzung, Vervielf\u00e4ltigung, Verbreitung, \u00f6ffentliche Bekanntmachung, Umwandlung oder jede andere \u00e4hnliche oder analoge Aktivit\u00e4t ohne die vorherige und ausdr\u00fcckliche Genehmigung von MYGREENS strengstens untersagt.<\/p>\n\n\n\n<p>MYGREENS kann die vollst\u00e4ndige oder teilweise Vervielf\u00e4ltigung der vom Portal bereitgestellten Texte und Inhalte genehmigen, sofern jede einzelne der folgenden Bedingungen erf\u00fcllt ist:<\/p>\n\n\n\n<p>Die Integrit\u00e4t der Inhalte, Dokumente oder Grafiken wird gewahrt.<\/p>\n\n\n\n<p>MYGREENS wird ausdr\u00fccklich als Quelle und Ursprung derselben genannt.<\/p>\n\n\n\n<p>Der Zweck und das Ziel einer solchen Nutzung ist mit den Zielen der Website oder der T\u00e4tigkeit von MYGREENS vereinbar.<\/p>\n\n\n\n<p>Eine kommerzielle Nutzung ist nicht vorgesehen, und die Verbreitung, \u00f6ffentliche Bekanntgabe, Umwandlung oder Dekompilierung ist ausdr\u00fccklich verboten.<\/p>\n\n\n\n<p>In jedem Fall muss ihre Verwendung vorher ausdr\u00fccklich mitgeteilt und von MYGREENS genehmigt werden.<\/p>\n\n\n\n<p>In Bezug auf Zitate von Produkten und Dienstleistungen Dritter erkennt MYGREENS zugunsten ihrer Eigent\u00fcmer die entsprechenden Rechte des geistigen Eigentums an, wobei ihre blo\u00dfe Erw\u00e4hnung oder ihr Erscheinen auf der Website weder das Bestehen von Rechten noch irgendeine Verantwortung f\u00fcr sie bedeutet, noch eine Bef\u00fcrwortung, ein Sponsoring oder eine Empfehlung.<\/p>\n\n\n\n<p>MYGREENS erkl\u00e4rt, dass es die geistigen und gewerblichen Eigentumsrechte Dritter respektiert. Wenn Sie also der Meinung sind, dass unsere Website deren Rechte verletzt, kontaktieren Sie uns bitte.<\/p>\n\n\n\n<h2 class=\"wp-block-heading\">Verantwortung<\/h2>\n\n\n\n<p>MYGREENS garantiert weder das Nichtvorhandensein von Fehlern beim Zugriff auf die Website, noch deren Inhalt, noch deren Aktualisierung, obwohl MYGREENS sich nach Kr\u00e4ften bem\u00fcht, diese zu vermeiden, zu korrigieren oder zu aktualisieren.<\/p>\n\n\n\n<p>Sowohl der Zugang zu den Portalen von MYGREENS als auch die Nutzung der darin enthaltenen Informationen liegen in der alleinigen Verantwortung des Nutzers.<\/p>\n\n\n\n<p>MYGREENS haftet weder f\u00fcr eventuelle Sicherheitsfehler noch f\u00fcr eventuelle Sch\u00e4den am Computersystem (Hardware und Software) des Nutzers, an den darin gespeicherten Dateien oder Dokumenten, die durch das Vorhandensein von Viren auf dem Computer des Nutzers, der f\u00fcr die Verbindung zu den Diensten und Inhalten des Internets verwendet wird, durch eine Fehlfunktion des Browsers oder durch die Verwendung veralteter Versionen desselben verursacht werden.<\/p>\n\n\n\n<p>MYGREENS ist nicht verantwortlich f\u00fcr die Informationen und Inhalte, die in Foren, Chats, Blogs, Kommentaren, sozialen Netzwerken oder anderen Medien gespeichert werden, die es Dritten erm\u00f6glichen, Inhalte unabh\u00e4ngig auf der Website von MYGREENS zu ver\u00f6ffentlichen.<\/p>\n\n\n\n<p>In \u00dcbereinstimmung mit den Bestimmungen des LSSI steht MYGREENS jedoch allen Nutzern, Beh\u00f6rden und Sicherheitskr\u00e4ften zur Verf\u00fcgung und arbeitet aktiv an der Entfernung oder Sperrung aller Inhalte mit, die die nationale oder internationale Gesetzgebung, die Rechte Dritter oder die Moral und \u00f6ffentliche Ordnung beeintr\u00e4chtigen oder dagegen versto\u00dfen k\u00f6nnten. Sollte der Nutzer der Ansicht sein, dass es auf der Website Inhalte gibt, die f\u00fcr diese Einstufung in Frage kommen k\u00f6nnten, wenden Sie sich bitte an MYGREENS.<\/p>\n\n\n\n<p>MYGREENS ist nicht f\u00fcr die Antworten verantwortlich, die \u00fcber die auf der Website angegebenen E-Mail-Adressen versandt werden, so dass daraus in keinem Fall eine verbindliche Rechtswirkung abgeleitet werden kann.<\/p>\n\n\n\n<h2 class=\"wp-block-heading\">Links oder hyperlinks<\/h2>\n\n\n\n<p>Die in unseren Portalen enthaltenen Links k\u00f6nnen zu Webinhalten Dritter f\u00fchren. Diese Links dienen ausschlie\u00dflich dazu, Ihnen die Suche nach Ressourcen zu erleichtern, die f\u00fcr Sie im Internet von Interesse sein k\u00f6nnten. Diese Seiten geh\u00f6ren jedoch nicht zu MYGREENS und MYGREENS \u00fcberpr\u00fcft auch nicht deren Inhalte. Daher \u00fcbernimmt MYGREENS keine Verantwortung f\u00fcr die Inhalte, Informationen oder Dienstleistungen, die auf diesen Seiten erscheinen k\u00f6nnen, die nur zu Informationszwecken dienen und in keinem Fall eine Beziehung zwischen MYGREENS und den Personen oder Einrichtungen, die diese Inhalte besitzen, oder den Eigent\u00fcmern der Seiten, auf denen sie sich befinden, implizieren. MYGREENS kann nicht f\u00fcr den Betrieb der verlinkten Website oder f\u00fcr Sch\u00e4den, die durch den Zugriff oder die Nutzung dieser Website entstehen, verantwortlich gemacht werden.<\/p>\n\n\n\n<p>Links zu MYGREENS Websites m\u00fcssen die folgenden Bedingungen erf\u00fcllen:<\/p>\n\n\n\n<p>Die Einrichtung des Links impliziert keine Vereinbarung, keinen Vertrag, kein Sponsoring und keine Empfehlung der Seite, die den Link herstellt, durch MYGREENS.<\/p>\n\n\n\n<p>Die Website, auf der der Hyperlink eingerichtet wird, darf keine Informationen mit rechtswidrigem, diskriminierendem, gegen allgemein anerkannte ethische Grunds\u00e4tze oder gegen die \u00f6ffentliche Ordnung versto\u00dfendem Inhalt enthalten, noch darf sie Inhalte enthalten, die die Rechte Dritter verletzen.<\/p>\n\n\n\n<p>MYGREENS kann die Entfernung eines Links zu seiner Website verlangen, ohne dass es einer Begr\u00fcndung bedarf. In einem solchen Fall muss die Seite, die den Link gesetzt hat, diesen unverz\u00fcglich entfernen, sobald MYGREENS die Mitteilung erh\u00e4lt.<\/p>\n\n\n\n<p>MYGREENS ist in keiner Weise verantwortlich und \u00fcbernimmt keine Garantie f\u00fcr die Qualit\u00e4t, Genauigkeit, Zuverl\u00e4ssigkeit, Korrektheit oder Sittlichkeit der Inhalte oder Dienstleistungen, die durch die Einrichtung des Hyperlinks angeboten werden. Der Nutzer \u00fcbernimmt die alleinige Verantwortung f\u00fcr alle Folgen, Sch\u00e4den oder Handlungen, die sich aus dem Zugriff auf die verlinkte Website ergeben k\u00f6nnen.<\/p>\n\n\n\n<p>Die Webseite, auf der der Hyperlink eingerichtet wird, darf keine Marke, keinen Namen, kein Logo, keinen Slogan und keine anderen unterscheidenden Zeichen von MYGREENS enthalten, mit Ausnahme der Zeichen, die Teil des Hyperlinks selbst sind.<\/p>\n","protected":false},"excerpt":{"rendered":"<p>Rechtliche hinweise und datenschutzbestimmungen In \u00dcbereinstimmung mit dem Gesetz 34\/2002 vom 11. Juli \u00fcber die Dienste der Informationsgesellschaft und den elektronischen Handel (LSSI) informieren wir Sie, dass: MY GREENS 2021, S.L. (Mygreens), mit Sitz in der Calle Felicidad Nummer 9, Pizarra (M\u00e1laga), mit NIF:B16719148 und eingetragen im Handelsregister der Provinz M\u00e1laga, in Band 6.055, Folio [&hellip;]<\/p>\n","protected":false},"author":22,"featured_media":0,"parent":0,"menu_order":0,"comment_status":"closed","ping_status":"closed","template":"","meta":{"wprm-recipe-roundup-name":"","wprm-recipe-roundup-description":"","wpupg_custom_link":[],"wpupg_custom_link_behaviour":[],"wpupg_custom_image":[],"wpupg_custom_image_id":[],"footnotes":""},"class_list":["post-1566","page","type-page","status-publish","hentry"],"acf":[],"_links":{"self":[{"href":"https:\/\/www.mygreens.eco\/de\/wp-json\/wp\/v2\/pages\/1566","targetHints":{"allow":["GET"]}}],"collection":[{"href":"https:\/\/www.mygreens.eco\/de\/wp-json\/wp\/v2\/pages"}],"about":[{"href":"https:\/\/www.mygreens.eco\/de\/wp-json\/wp\/v2\/types\/page"}],"author":[{"embeddable":true,"href":"https:\/\/www.mygreens.eco\/de\/wp-json\/wp\/v2\/users\/22"}],"replies":[{"embeddable":true,"href":"https:\/\/www.mygreens.eco\/de\/wp-json\/wp\/v2\/comments?post=1566"}],"version-history":[{"count":1,"href":"https:\/\/www.mygreens.eco\/de\/wp-json\/wp\/v2\/pages\/1566\/revisions"}],"predecessor-version":[{"id":1577,"href":"https:\/\/www.mygreens.eco\/de\/wp-json\/wp\/v2\/pages\/1566\/revisions\/1577"}],"wp:attachment":[{"href":"https:\/\/www.mygreens.eco\/de\/wp-json\/wp\/v2\/media?parent=1566"}],"curies":[{"name":"wp","href":"https:\/\/api.w.org\/{rel}","templated":true}]}}