{"id":1547,"date":"2022-06-14T16:48:36","date_gmt":"2022-06-14T16:48:36","guid":{"rendered":"https:\/\/mygreens.desarrollotrevenque.com\/como-funciona\/"},"modified":"2022-09-20T15:35:09","modified_gmt":"2022-09-20T15:35:09","slug":"wie-funktioniert-das","status":"publish","type":"page","link":"https:\/\/www.mygreens.eco\/de\/wie-funktioniert-das\/","title":{"rendered":"Wie funktioniert das?"},"content":{"rendered":"\n<div class=\"wp-block-group title-custom-bold\"><div class=\"wp-block-group__inner-container is-layout-flow wp-block-group-is-layout-flow\">\n<p class=\"has-text-align-center small brand-primary has-large-font-size\">Ern\u00e4hrung, Frische, Geschmack<\/p>\n\n\n\n<h2 class=\"has-text-align-center wp-block-heading\">Verbessern Sie Ihre Ern\u00e4hrung<\/h2>\n\n\n\n<h2 class=\"has-text-align-center brand-primary wp-block-heading\">und sie schmackhafter machen<\/h2>\n\n\n\n<p class=\"has-text-align-center lead\">Mit den <strong>Vorteilen unseres Microgem\u00fcses<\/strong> haben Sie verschiedene M\u00f6glichkeiten:<\/p>\n<\/div><\/div>\n\n\n\n<div class=\"wp-block-columns is-layout-flex wp-container-core-columns-is-layout-9d6595d7 wp-block-columns-is-layout-flex\">\n<div class=\"wp-block-column col-radius-shadow is-layout-flow wp-block-column-is-layout-flow\">\n<div class=\"wp-block-group\"><div class=\"wp-block-group__inner-container is-layout-flow wp-block-group-is-layout-flow\">\n<h2 class=\"has-text-align-center brand-primary wp-block-heading\"><strong><strong>Kauf<\/strong><\/strong><\/h2>\n\n\n\n<h3 class=\"has-text-align-center wp-block-heading\"><strong>von ausgew\u00e4hlten Produkten<\/strong><\/h3>\n\n\n\n<hr class=\"wp-block-separator has-text-color has-alpha-channel-opacity has-background\" style=\"background-color:#a6af37;color:#a6af37\"\/>\n\n\n<div class=\"wp-block-image\">\n<figure class=\"aligncenter size-large is-resized\"><img decoding=\"async\" src=\"https:\/\/www.mygreens.eco\/wp-content\/uploads\/2022\/06\/amaranta-1110x740.jpeg\" alt=\"Amaranta. My Greens\" class=\"wp-image-551\" width=\"336\" height=\"204\"\/><\/figure>\n<\/div>\n\n\n<div style=\"height:20px\" aria-hidden=\"true\" class=\"wp-block-spacer\"><\/div>\n\n\n\n<p class=\"has-text-align-center lead\"><strong>Wie funktioniert das?<\/strong><\/p>\n\n\n\n<div style=\"height:20px\" aria-hidden=\"true\" class=\"wp-block-spacer\"><\/div>\n<\/div><\/div>\n\n\n\n<ol class=\"wp-block-list\"><li><strong>W\u00e4hlen Sie die gew\u00fcnschten Produkte <\/strong>und die Anzahl der gew\u00fcnschten Packungen aus (es handelt sich um 50-g-Packungen).&nbsp;<\/li><li><strong>F\u00fcllen Sie Ihre Daten aus, <\/strong>um Ihre Bestellung zu erhalten&nbsp;<\/li><li><strong>Wir ernten Ihr Gem\u00fcse so, <\/strong>dass Sie es am Tag nach der Ernte mit vollem Geschmack und Frische erhalten.&nbsp;&nbsp;<\/li><\/ol>\n\n\n\n<p>Halten Sie Ausschau nach Sonderangeboten, die wir regelm\u00e4\u00dfig ver\u00f6ffentlichen werden, damit Sie davon profitieren k\u00f6nnen. In einigen von ihnen werden wir neue Produkte vorstellen, die Sie ausprobieren und uns Ihre Meinung sagen k\u00f6nnen. Wenn Sie uns Ihre Daten zur Verf\u00fcgung stellen &#8211; und uns dazu erm\u00e4chtigen &#8211; erfahren Sie es als Erster<\/p>\n\n\n\n<div style=\"height:98px\" aria-hidden=\"true\" class=\"wp-block-spacer\"><\/div>\n\n\n\n<div class=\"wp-block-buttons is-content-justification-center is-layout-flex wp-container-core-buttons-is-layout-16018d1d wp-block-buttons-is-layout-flex\">\n<div class=\"wp-block-button is-style-fill\"><a class=\"wp-block-button__link\" href=\"https:\/\/www.mygreens.eco\/de\/produkte\/\">Unsere produkte<\/a><\/div>\n<\/div>\n<\/div>\n\n\n\n<div class=\"wp-block-column col-radius-shadow is-layout-flow wp-block-column-is-layout-flow\">\n<div class=\"wp-block-group\"><div class=\"wp-block-group__inner-container is-layout-flow wp-block-group-is-layout-flow\">\n<h2 class=\"has-text-align-center brand-primary wp-block-heading\"><strong>Abonnements<\/strong><\/h2>\n\n\n\n<h3 class=\"has-text-align-center wp-block-heading\">Produktabonnement<\/h3>\n\n\n\n<hr class=\"wp-block-separator has-text-color has-alpha-channel-opacity has-background\" style=\"background-color:#a6af37;color:#a6af37\"\/>\n\n\n<div class=\"wp-block-image\">\n<figure class=\"aligncenter size-full\"><img decoding=\"async\" width=\"402\" height=\"228\" src=\"https:\/\/www.mygreens.eco\/wp-content\/uploads\/2022\/07\/pack-suscripcion-mygreens-2.png\" alt=\"pack-suscripcion\" class=\"wp-image-1465\"\/><\/figure>\n<\/div>\n\n\n<div style=\"height:20px\" aria-hidden=\"true\" class=\"wp-block-spacer\"><\/div>\n\n\n\n<p class=\"has-text-align-center lead\"><strong><strong>Wie funktioniert das<\/strong>?<\/strong><\/p>\n\n\n\n<div style=\"height:20px\" aria-hidden=\"true\" class=\"wp-block-spacer\"><\/div>\n<\/div><\/div>\n\n\n\n<p>Sie haben mehrere M\u00f6glichkeiten:&nbsp;<\/p>\n\n\n\n<ol class=\"wp-block-list\"><li><strong>W\u00f6chentlich <\/strong>mit 50 g. oder 100 g. Packungen.&nbsp;Im Wochenpaket erhalten Sie jede Woche 3 Packungen \u00e0 50 g. oder 100 g. mit einem Salat und zwei Produkten, die Sie vorab ausw\u00e4hlen k\u00f6nnen.&nbsp;&nbsp;&nbsp;&nbsp;<\/li><\/ol>\n\n\n\n<p class=\"has-text-align-center\">Wenn Sie Ihr Abonnement \u00e4ndern oder an Ihre Bed\u00fcrfnisse anpassen m\u00f6chten (z. B. vierzehnt\u00e4gige Lieferungen), auch mit anderen Produkten, die Sie nicht in unserem Katalog finden, lassen Sie es uns bitte wissen. Wir besprechen Ihre W\u00fcnsche gerne mit Ihnen und werden versuchen, Ihnen entgegenzukommen. Der Einfachheit halber werden wir Ihnen die Kosten monatlich in Rechnung stellen.<\/p>\n\n\n\n<div style=\"height:40px\" aria-hidden=\"true\" class=\"wp-block-spacer\"><\/div>\n\n\n\n<div class=\"wp-block-buttons is-content-justification-center is-layout-flex wp-container-core-buttons-is-layout-16018d1d wp-block-buttons-is-layout-flex\">\n<div class=\"wp-block-button is-style-fill\"><a class=\"wp-block-button__link\" href=\"\/de\/produktkategorie\/abonnements\/\">Abonnements anzeigen<\/a><\/div>\n<\/div>\n<\/div>\n<\/div>\n\n\n\n<div style=\"height:80px\" aria-hidden=\"true\" class=\"wp-block-spacer\"><\/div>\n\n\n\n<div class=\"wp-block-columns alignfull are-vertically-aligned-top column-equal-height is-layout-flex wp-container-core-columns-is-layout-9d6595d7 wp-block-columns-is-layout-flex\">\n<div class=\"wp-block-column is-vertically-aligned-top is-layout-flow wp-block-column-is-layout-flow\" style=\"flex-basis:50%\">\n<div class=\"wp-block-cover alignwide has-custom-content-position is-position-top-center\" style=\"min-height:100vh;aspect-ratio:unset;\"><span aria-hidden=\"true\" class=\"wp-block-cover__background has-background-dim-60 has-background-dim\"><\/span><img decoding=\"async\" width=\"1000\" height=\"667\" class=\"wp-block-cover__image-background wp-image-923\" alt=\"comida-moderna\" src=\"https:\/\/www.mygreens.eco\/wp-content\/uploads\/2022\/07\/comida-moderna-madrid.jpeg\" style=\"object-position:67% 85%\" data-object-fit=\"cover\" data-object-position=\"67% 85%\" srcset=\"https:\/\/www.mygreens.eco\/wp-content\/uploads\/2022\/07\/comida-moderna-madrid.jpeg 1000w, https:\/\/www.mygreens.eco\/wp-content\/uploads\/2022\/07\/comida-moderna-madrid-450x300.jpeg 450w, https:\/\/www.mygreens.eco\/wp-content\/uploads\/2022\/07\/comida-moderna-madrid-768x512.jpeg 768w, https:\/\/www.mygreens.eco\/wp-content\/uploads\/2022\/07\/comida-moderna-madrid-800x534.jpeg 800w, https:\/\/www.mygreens.eco\/wp-content\/uploads\/2022\/07\/comida-moderna-madrid-600x400.jpeg 600w\" sizes=\"(max-width: 1000px) 100vw, 1000px\" \/><div class=\"wp-block-cover__inner-container is-layout-flow wp-block-cover-is-layout-flow\">\n<div class=\"wp-block-group title-custom\"><div class=\"wp-block-group__inner-container is-layout-flow wp-block-group-is-layout-flow\">\n<h2 class=\"has-text-align-center has-white-color has-text-color wp-block-heading\"><strong>Promociones y nuevos productos <\/strong><\/h2>\n\n\n\n<h2 class=\"has-text-align-center has-white-color has-text-color wp-block-heading\">MyGreens<\/h2>\n\n\n\n<hr class=\"wp-block-separator has-text-color has-alpha-channel-opacity has-background\" style=\"background-color:#a6af37;color:#a6af37\"\/>\n\n\n\n<p class=\"has-text-align-center lead has-white-color has-text-color\"><strong>Halten Sie Ausschau nach Sonderangeboten, die wir regelm\u00e4\u00dfig ver\u00f6ffentlichen werden, damit Sie davon profitieren k\u00f6nnen. In einigen von ihnen werden wir neue Produkte vorstellen, die Sie ausprobieren und uns Ihre Meinung sagen k\u00f6nnen. Wenn Sie uns Ihre Daten zur Verf\u00fcgung stellen &#8211; und uns dazu erm\u00e4chtigen &#8211; erfahren Sie es als Erster. &nbsp;<\/strong><\/p>\n\n\n\n<div class=\"wp-block-buttons is-layout-flex wp-block-buttons-is-layout-flex\">\n<div class=\"wp-block-button aligncenter is-style-fill\"><a class=\"wp-block-button__link\" href=\"https:\/\/www.mygreens.eco\/de\/kontakt\/\">Siehe Kontakt<\/a><\/div>\n<\/div>\n<\/div><\/div>\n<\/div><\/div>\n<\/div>\n\n\n\n<div class=\"wp-block-column is-vertically-aligned-top border-primary is-layout-flow wp-block-column-is-layout-flow\" style=\"flex-basis:50%\">\n<div class=\"wp-block-group title-custom\"><div class=\"wp-block-group__inner-container is-layout-flow wp-block-group-is-layout-flow\">\n<h2 class=\"has-text-align-center wp-block-heading\">M\u00f6chten Sie mehr \u00fcber MyGreens erfahren?<\/h2>\n\n\n\n<hr class=\"wp-block-separator has-text-color has-alpha-channel-opacity has-background\" style=\"background-color:#a6af37;color:#a6af37\"\/>\n\n\n\n<p class=\"has-text-align-center lead\">Wir antworten Ihnen gerne<\/p>\n\n\n\n<div class=\"wp-block-buttons is-horizontal is-content-justification-center is-layout-flex wp-container-core-buttons-is-layout-ddb39544 wp-block-buttons-is-layout-flex\">\n<div class=\"wp-block-button is-style-fill\"><a class=\"wp-block-button__link\" href=\"#faqs\" style=\"border-radius:4px\">H\u00e4ufig gestellte Fragen<\/a><\/div>\n\n\n\n<div class=\"wp-block-button is-style-outline is-style-outline--1\"><a class=\"wp-block-button__link\" href=\"https:\/\/www.mygreens.eco\/de\/kontakt\/\" style=\"border-radius:4px\">Konsultieren Sie uns unverbindlich<\/a><\/div>\n<\/div>\n<\/div><\/div>\n<\/div>\n<\/div>\n\n\n\n<div style=\"height:80px\" aria-hidden=\"true\" class=\"wp-block-spacer\"><\/div>\n\n\n\n<div class=\"wp-block-cover alignfull is-light\"><span aria-hidden=\"true\" class=\"wp-block-cover__background has-background-dim-10 has-background-dim\" style=\"background-color:#9f9f9f\"><\/span><div class=\"wp-block-cover__inner-container is-layout-flow wp-block-cover-is-layout-flow\">\n<div style=\"height:80px\" aria-hidden=\"true\" class=\"wp-block-spacer\"><\/div>\n\n\n\n<div class=\"wp-block-group\"><div class=\"wp-block-group__inner-container is-layout-flow wp-block-group-is-layout-flow\">\n<div class=\"wp-block-group title-custom\"><div class=\"wp-block-group__inner-container is-layout-flow wp-block-group-is-layout-flow\">\n<h2 class=\"has-text-align-center wp-block-heading\" id=\"faqs\">H\u00e4ufig gestellte Fragen:&nbsp;<\/h2>\n\n\n\n<hr class=\"wp-block-separator has-text-color has-alpha-channel-opacity has-background\" style=\"background-color:#a6af37;color:#a6af37\"\/>\n<\/div><\/div>\n\n\n\n<div class=\"wp-block-columns faqs is-layout-flex wp-container-core-columns-is-layout-9d6595d7 wp-block-columns-is-layout-flex\">\n<div class=\"wp-block-column is-layout-flow wp-block-column-is-layout-flow\" style=\"flex-basis:15%\"><\/div>\n\n\n\n<div class=\"wp-block-column is-layout-flow wp-block-column-is-layout-flow\" style=\"flex-basis:85%\">\n<div class=\"wp-block-group is-vertical is-layout-flex wp-container-core-group-is-layout-8cf370e7 wp-block-group-is-layout-flex\">\n<h4 class=\"wp-block-heading\"><img decoding=\"async\" width=\"24\" height=\"24\" class=\"wp-image-628\" style=\"width: 24px;\" src=\"https:\/\/www.mygreens.eco\/wp-content\/uploads\/2022\/07\/arrow-right-s-line-green.png\" alt=\"arrow-right-s-line-green\">Sind die Versandkosten im Preis inbegriffen?<\/h4>\n\n\n\n<p>Die Versandkosten werden w\u00e4hrend des Kaufvorgangs angezeigt. Im Falle von Abonnements ist der Versand im Preis enthalten.<\/p>\n<\/div>\n\n\n\n<div class=\"wp-block-group is-vertical is-layout-flex wp-container-core-group-is-layout-8cf370e7 wp-block-group-is-layout-flex\">\n<h4 class=\"wp-block-heading\"><img decoding=\"async\" width=\"24\" height=\"24\" class=\"wp-image-628\" style=\"width: 24px;\" src=\"https:\/\/www.mygreens.eco\/wp-content\/uploads\/2022\/07\/arrow-right-s-line-green.png\" alt=\"arrow-right-s-line-green\">Was ist, wenn ich ein Abonnement habe und ein neues Produkt m\u00f6chte?<\/h4>\n\n\n\n<p>Wenn Sie sich als Kunde registrieren lassen und ein Abonnement haben, schicken wir es Ihnen ohne zus\u00e4tzliche Versandkosten zu mit Ihrem Wochenabonnement<\/p>\n<\/div>\n\n\n\n<div class=\"wp-block-group is-vertical is-layout-flex wp-container-core-group-is-layout-8cf370e7 wp-block-group-is-layout-flex\">\n<h4 class=\"wp-block-heading\"><img decoding=\"async\" width=\"24\" height=\"24\" class=\"wp-image-628\" style=\"width: 24px;\" src=\"https:\/\/www.mygreens.eco\/wp-content\/uploads\/2022\/07\/arrow-right-s-line-green.png\" alt=\"arrow-right-s-line-green\">Was soll ich mit der Verpackung machen, wenn ich fertig bin? Ich gebe es in den Kunststoff:<\/h4>\n\n\n\n<p>Es ist kompostierbar. Das bedeutet, dass es sich um organische Abf\u00e4lle handelt, die Sie, wenn Sie wollen, als Kompost f\u00fcr Ihre eigenen Pflanzen verwenden k\u00f6nnen, wenn Sie die entsprechenden Verfahren einhalten.&nbsp;&nbsp;<\/p>\n<\/div>\n\n\n\n<div class=\"wp-block-group is-vertical is-layout-flex wp-container-core-group-is-layout-8cf370e7 wp-block-group-is-layout-flex\">\n<h4 class=\"wp-block-heading\"><img decoding=\"async\" width=\"24\" height=\"24\" class=\"wp-image-628\" style=\"width: 24px;\" src=\"https:\/\/www.mygreens.eco\/wp-content\/uploads\/2022\/07\/arrow-right-s-line-green.png\" alt=\"arrow-right-s-line-green\">Warum sind Ihre Produkte so lange haltbar?<\/h4>\n\n\n\n<p>Weil sie praktisch sofort abgeholt und verschickt werden, ohne dass sie gelagert werden m\u00fcssen (am Tag der Abholung werden sie verschickt). Dar\u00fcber hinaus absorbiert das ebenfalls recycelbare Zellulosepapier im Inneren der Verpackung Feuchtigkeit und sorgt f\u00fcr eine l\u00e4ngere Haltbarkeit des Produkts. Eines unserer Ziele ist es, die Lebensmittelverschwendung zu minimieren, indem wir unter anderem die Haltbarkeit unserer Produkte sicherstellen.&nbsp;&nbsp;&nbsp;<\/p>\n\n\n\n<div style=\"height:40px\" aria-hidden=\"true\" class=\"wp-block-spacer\"><\/div>\n<\/div>\n<\/div>\n\n\n\n<div class=\"wp-block-column is-layout-flow wp-block-column-is-layout-flow\" style=\"flex-basis:15%\"><\/div>\n<\/div>\n<\/div><\/div>\n<\/div><\/div>\n\n\n\n<div style=\"height:80px\" aria-hidden=\"true\" class=\"wp-block-spacer\"><\/div>\n","protected":false},"excerpt":{"rendered":"<p>Ern\u00e4hrung, Frische, Geschmack Verbessern Sie Ihre Ern\u00e4hrung und sie schmackhafter machen Mit den Vorteilen unseres Microgem\u00fcses haben Sie verschiedene M\u00f6glichkeiten: Kauf von ausgew\u00e4hlten Produkten Wie funktioniert das? W\u00e4hlen Sie die gew\u00fcnschten Produkte und die Anzahl der gew\u00fcnschten Packungen aus (es handelt sich um 50-g-Packungen).&nbsp; F\u00fcllen Sie Ihre Daten aus, um Ihre Bestellung zu erhalten&nbsp; Wir [&hellip;]<\/p>\n","protected":false},"author":22,"featured_media":266,"parent":0,"menu_order":0,"comment_status":"closed","ping_status":"closed","template":"","meta":{"wprm-recipe-roundup-name":"","wprm-recipe-roundup-description":"","wpupg_custom_link":[],"wpupg_custom_link_behaviour":[],"wpupg_custom_image":[],"wpupg_custom_image_id":[],"footnotes":""},"class_list":["post-1547","page","type-page","status-publish","has-post-thumbnail","hentry"],"acf":[],"_links":{"self":[{"href":"https:\/\/www.mygreens.eco\/de\/wp-json\/wp\/v2\/pages\/1547","targetHints":{"allow":["GET"]}}],"collection":[{"href":"https:\/\/www.mygreens.eco\/de\/wp-json\/wp\/v2\/pages"}],"about":[{"href":"https:\/\/www.mygreens.eco\/de\/wp-json\/wp\/v2\/types\/page"}],"author":[{"embeddable":true,"href":"https:\/\/www.mygreens.eco\/de\/wp-json\/wp\/v2\/users\/22"}],"replies":[{"embeddable":true,"href":"https:\/\/www.mygreens.eco\/de\/wp-json\/wp\/v2\/comments?post=1547"}],"version-history":[{"count":25,"href":"https:\/\/www.mygreens.eco\/de\/wp-json\/wp\/v2\/pages\/1547\/revisions"}],"predecessor-version":[{"id":2587,"href":"https:\/\/www.mygreens.eco\/de\/wp-json\/wp\/v2\/pages\/1547\/revisions\/2587"}],"wp:featuredmedia":[{"embeddable":true,"href":"https:\/\/www.mygreens.eco\/de\/wp-json\/wp\/v2\/media\/266"}],"wp:attachment":[{"href":"https:\/\/www.mygreens.eco\/de\/wp-json\/wp\/v2\/media?parent=1547"}],"curies":[{"name":"wp","href":"https:\/\/api.w.org\/{rel}","templated":true}]}}